{"id":2,"date":"2024-08-15T13:46:22","date_gmt":"2024-08-15T05:46:22","guid":{"rendered":"https:\/\/itaiwan.se\/?page_id=2"},"modified":"2024-08-15T19:28:54","modified_gmt":"2024-08-15T17:28:54","slug":"sample-page","status":"publish","type":"page","link":"https:\/\/itaiwan.se\/en\/sample-page\/","title":{"rendered":"Organization History"},"content":{"rendered":"<p class=\"has-vivid-red-color has-text-color has-link-color wp-elements-ecf459b5a57590b77a553fbd04633447\" style=\"font-size:50px\"><strong>Organization History<\/strong><\/p>\n\n\n\n<p class=\"has-foreground-color has-text-color has-link-color wp-elements-3f2817d36c12b4fe5c8bacf0fe57f705\">Formosa f\u00f6rening was established in 1978 by five overseas Taiwanese, respectively Litsai Chang, Fabu Chang, Hewang Kuo, Wenkuang Chou and Fusung Liu.<br>t was registered as Sveriges Kinesiska Kultur och Invandrar F\u00f6rbund in 1979, but renamed as Formosa f\u00f6reningen in 1998. Since the establishment, Formosa f\u00f6reningen has arranged various activities for overseas Taiwanese living not only in Sweden but also in the whole of Europe.<\/p>\n\n\n\n<p>Over the years, Formosa f\u00f6reningen has faced uncountable challenges, but luckily overcome the difficulties with both the support of overseas Taiwanese and the sacrifice of the members of the board.<br>1991 The fourth re-election of the board: Chairman of the board Mr. Jianzhong Zhang, Vice chairman Hongyu Liu , inspector Mr. Xanshing Dia , and chief financial officer Mr. Fusong Liu. Chinese language course expended to Chinese language school and chairman also working as principal that time.<\/p>\n\n\n\n<p>1993 Sveriges Kinesiska Kultur och Invandrar F\u00f6rbund got the opportunity to host the 21th \"European Chinese (Taiwanese) annual summit\" in Sweden on 1995.<br>1996-1997 Since it was a lots change of personal within the organization and lack of funding, Sveriges Kinesiska Kultur och Invandrar F\u00f6rbund needed to release the leasing of the chinese language school classroom in order have the months' rent of 9000 sek.<\/p>\n\n\n\n<p>The Chinese language school, which belongs to Sveriges Kinesiska Kultur och Invandrar F\u00f6rbund, had become too crowded and can only undertake four classes.<br>From 1991 to 1997, association chairman was Jianzhong Chang, He-wang Kuo took over chairman duty when the Chairman Jianzhong Chang pass away.<br>In 1997 appointed the school principal Lian Kratz responsible for the Chinese school and registered \"Kinesiska Sp\u00e5kf\u00f6reningen i Stockholm Kommun (reg. 802403-6934)\" as name to apply as association (f\u00f6rening) and also apply to use Eriksdal skolan facility later for the Chinese school.<br>Kinesiska Sp\u00e5kf\u00f6reningen is a subsidiary organization under Sveriges Kinesiska Kultur och Invandrar F\u00f6rbund.<\/p>\n\n\n\n<p>From 1979 to 1997, all members in Sveriges Kinesiska Kultur och Invandrar F\u00f6rbund have no need to pay membership fee.<br>All expense such as rental fee, Chinese language school operation, books, furniture, etc., were free sponsorship by Taiwanese member and OCAC in Taiwan.<br>The annual operation expenses of organization was around 0.5 million SEK at that time.<br>Sveriges Kinesiska Kultur och Invandrar F\u00f6rbund were changed name to Formosa Kulturf\u00f6rening and elected Mr. Hao-hsiung Su as the chairman of the board on 1997 for the sixth re-election of the board.<br>Also, Kinesiska Sp\u00e5kf\u00f6reningen i Stockholm Kommun has move into the new location at Eriksdals Skola in 1998.<\/p>\n\n\n\n<p>2000 Mr. Sin-tau Kan has been elected as the chairman of the board on the 7th re-election of the board for Formosa kulturf\u00f6rening.<\/p>\n\n\n\n<p>2002 Mr. Sin-tau Kan has been re-elected as the chairman of the board on the 8th re-election of the board for Formosa Kulturf\u00f6rening.<\/p>\n\n\n\n<p>In order to support the continuation of the development of the Kinesiska Sp\u00e5kf\u00f6reningen,<\/p>\n\n\n\n<p>Mr. Kan has formed a board of directors (Styrelse) for the Kinesiska Sp\u00e5kf\u00f6reningen and been elected as the chairman of the board.<\/p>\n\n\n\n<p>Mr. Kan has also created an organization constitution for the Kinesiska Sp\u00e5kf\u00f6reningen for the board to follow.<\/p>\n\n\n\n<p>2004 Mrs. Yu Ying Hedlund has been elected as the chairman of the board on the 9th re-election of the board for Formosa Kulturf\u00f6rening.<\/p>\n\n\n\n<p>2006 Formosa Kulturf\u00f6rening had hosted the 32nd \"European Chinese (Taiwanese) annual summit. Mrs. Hsiang-lan Yeh has been elected as the chairman of the board on the 10th re-election of the board for Formosa Kulturf\u00f6rening.<\/p>\n\n\n\n<p>2007 Formosa kulturf\u00f6rening registered again in Swedish f\u00f6rening.<\/p>\n\n\n\n<p>2008 Mrs. Hsiang-lan Chang has been re-elected as the chairman of the board on the 11th re-election of the board for Formosa kulturf\u00f6rening.<\/p>\n\n\n\n<p>2010 September Mr. David Lin has been elected as the chairman of the board on the 12th re-election of the board for Formosa kulturf\u00f6rening.<\/p>\n\n\n\n<p>2011 Mr. David Lin has re-structure the board of directors for Kinesiska Sp\u00e5kf\u00f6reningen i Stockholm according to the organization constitution set on 2002. Mr. David Lin resigned himself due the personal issue on August 2011.<br>2011 September 10th, that Mrs. Hai-Ying Lin was elected as chairman of the 13th board director for Formosa kulturf\u00f6rening.<br>The following is a list of the chairmen of the board since 1979 until now:<br>1. 1979~1981: Mr. Li-tsai Chang (\u5f35\u79ae\u8ca1)<\/p>\n\n\n\n<p>2. 1981~1988: Mr. He-wang Kuo (\u90ed\u5408\u65fa)<\/p>\n\n\n\n<p>3. 1988~1991: Mr. Liang-yu Chiang (\u8523\u826f\u7389)<\/p>\n\n\n\n<p>4. 1991~1994: Mr. Chien-chung Chang (\u5f35\u6b63\u5fe0)<\/p>\n\n\n\n<p>5. 1994~1998: Mrs.Hung-yu Liu(\u5289\u9d3b\u7389)\/ Mr. He-wang Kuo(\u90ed\u5408\u65fa)<\/p>\n\n\n\n<p>6. 1997~2000: Mr. Hao-hsiung Su (\u8607\u597d\u96c4)<\/p>\n\n\n\n<p>7. 2000~2004: Mr. Sin-tau Kan (\u95de\u8208\u6fe4)<\/p>\n\n\n\n<p>8. 2004~2006: Mrs.Yu-ying Hedlund (\u674e\u7389\u82f1)<\/p>\n\n\n\n<p>9. 2006~2010: Mrs.Hsiang-lan Chang (\u8449\u9999\u862d)<\/p>\n\n\n\n<p>10. 2010~2011: Mr. David Lin (\u6797\u671d\u6c42)<\/p>\n\n\n\n<p>11. 2011\/september 10th - Now : Mrs. Hai-Ying Lin (\u6797\u6d77\u82f1)<\/p>\n\n\n\n<p>.<\/p>","protected":false},"excerpt":{"rendered":"<p>\u7d44\u7e54\u6cbf\u9769 1978 \u4e94\u6708\u4efd\u6cd5\u570b\u8209\u8fa6\u7b2c\u56db\u5c46(\u7b2c\u56db\u5c46)\u65c5\u6b50\u83ef\u50d1\u5718\u9ad4\u806f\u5408\u6703\uff08\u4ee5\u4e0b\u7c21\u7a31\u6b50\u83ef\u5e74\u6703\uff09\uff0c\u745e\u5178\u9996\u6b21\u53c3\u8207\uff0c\u4e94\u4f4d\u4ee3 [&hellip;]<\/p>\n","protected":false},"author":1,"featured_media":0,"parent":0,"menu_order":0,"comment_status":"closed","ping_status":"closed","template":"blank","meta":{"footnotes":""},"class_list":["post-2","page","type-page","status-publish","hentry"],"jetpack_sharing_enabled":true,"_links":{"self":[{"href":"https:\/\/itaiwan.se\/en\/wp-json\/wp\/v2\/pages\/2","targetHints":{"allow":["GET"]}}],"collection":[{"href":"https:\/\/itaiwan.se\/en\/wp-json\/wp\/v2\/pages"}],"about":[{"href":"https:\/\/itaiwan.se\/en\/wp-json\/wp\/v2\/types\/page"}],"author":[{"embeddable":true,"href":"https:\/\/itaiwan.se\/en\/wp-json\/wp\/v2\/users\/1"}],"replies":[{"embeddable":true,"href":"https:\/\/itaiwan.se\/en\/wp-json\/wp\/v2\/comments?post=2"}],"version-history":[{"count":6,"href":"https:\/\/itaiwan.se\/en\/wp-json\/wp\/v2\/pages\/2\/revisions"}],"predecessor-version":[{"id":117,"href":"https:\/\/itaiwan.se\/en\/wp-json\/wp\/v2\/pages\/2\/revisions\/117"}],"wp:attachment":[{"href":"https:\/\/itaiwan.se\/en\/wp-json\/wp\/v2\/media?parent=2"}],"curies":[{"name":"wp","href":"https:\/\/api.w.org\/{rel}","templated":true}]}}