{"id":42,"date":"2024-08-15T16:27:00","date_gmt":"2024-08-15T08:27:00","guid":{"rendered":"https:\/\/itaiwan.se\/?page_id=42"},"modified":"2024-08-18T05:19:16","modified_gmt":"2024-08-18T03:19:16","slug":"%e4%b8%ad%e6%96%87%e5%ad%b8%e6%a0%a1","status":"publish","type":"page","link":"https:\/\/itaiwan.se\/en\/%e4%b8%ad%e6%96%87%e5%ad%b8%e6%a0%a1\/","title":{"rendered":"Chinese School"},"content":{"rendered":"<p class=\"has-vivid-red-color has-text-color has-link-color has-x-large-font-size wp-elements-302348b0b8c6febfd6e9ef74f0b50139\"><strong>Chinese School<\/strong><\/p>\n\n\n\n<p>Our Story:<\/p>\n\n\n\n<p>Chinese School (registered as Kinesiska Spr\u00e5ksf\u00f6rening i Stockholm org. nr 802403-6934) was officially established in 1979 by Formosa kulturf\u00f6rening, but it can be dated back to 1976 when Overseas Compatriot Affairs Commission (OCAC) assigned Hsingyen Wang to come to Sweden and teach overseas Taiwanese Chinese.<br>As the population of overseas Taiwanese increased and Swedish people's interests in learning Chinese grew, Formosa kulturf\u00f6rening decided to establish a Chinese school to meet the requests.<br>Chinese School is a non-profit organization and the teaching materials used are sponsored by OCAC.\nIn the beginning, Formosa kulturf\u00f6rening rent a location for Chinese School in Odenplan Stockholm. In 1998 moved the Chinese School to Eriksdalskolan in the south of Stockholm.<\/p>\n\n\n\n<p>Founding purpose<\/p>\n\n\n\n<p>Bakgrund \/Historia p\u00e5 Svenska:<\/p>\n\n\n\n<p>Formosa Kulturf\u00f6rening (vidare kallad \"Formosa\") grundade Kinesiska Skolan 1979, som sedan 1997 f\u00f6ljt den regler som g\u00e4ller f\u00f6r kulturf\u00f6reningar i Sverige.<\/p>\n\n\n\n<p>Denna skola registrerades senare som Kinesiska Spr\u00e5kf\u00f6reningen i Stockholm (vidare kallad \"Kinesiska skolan\").<br>Alla medlemmar donerade pengar att sponsra och hj\u00e4lpa ig\u00e5ng att starta denna skola.<br>Kinesiska skola har tillh\u00f6rt Formosa sedan 1979 och stadgarna har registrerats och arkiverats via OCAC (Overseas Compatriot Affairs Commission som \u00e4r en myndighet i Taiwan som ser \u00f6ver utveckling och utbilding av taiwaneser som bor utomlands) och Taipei Mission in Sweden(Taiwans representationskontor i Sverige).<\/p>\n\n\n\n<p>OCAC har ocks\u00e5 sponsrat Kinesiska skolan med material och b\u00f6cker.<br>Under den f\u00f6rsta tiden var \u00e4ven Formosas styrelseordf\u00f6rande rektor f\u00f6r Kinesiska skolan.<br>Fram till 1994 s\u00e5 var Lisa Chang utn\u00e4mnd till rektor f\u00f6r denna skola, sedan blev Lian Kratz utn\u00e4mnd mellan \u00e5ren 1996 till 1999, sedan blev Hsiang-Lan Chang utn\u00e4mnd till rektor mellan \u00e5r 2000 till 2004 d\u00e5 v\u00e5r fj\u00e4rde rektor Tzu-Hsin Persson blev tillsatt.<br>Hon har sedan varit rektor mellan 2004 till 2011 till formell upps\u00e4gning 2011-06-21.<br>Protokoll fr\u00e5n 2002 och 2011 d\u00e4r vi justerat v\u00e5ra stadgar, samt upps\u00e4gning av Tzu-Hsin Persson finns registrerade hos b\u00e5de OCAC Taiwan och Taipei Misson in Sweden.<br>2012 blev Jenny Chen utn\u00e4mnd till rektor.<\/p>\n\n\n\n<p>2013 blev Hsiang-Lan Chang utn\u00e4mnd till rektor.<\/p>\n\n\n\n<p><\/p>","protected":false},"excerpt":{"rendered":"<p>\u53f0\u7063\u745e\u5178\u83ef\u4eba\u806f\u5408\u6703\u9644\u5c6c\u4e2d\u6587\u5b78\u6821 \u7de3\u8d77 1976\u5e74\u53f0\u7063\u50d1\u80de\u5468\u6587\u5149\u5148\u751f\u9996\u7c4c\u8fa6\u50d1\u5718\uff0c\u4e26\u540c\u6642\u5411\u4e2d\u83ef\u6c11\u570b\u50d1\u52d9\u59d4\u54e1\u7533\u8acb\u83ef\u8a9e [&hellip;]<\/p>\n","protected":false},"author":1,"featured_media":0,"parent":0,"menu_order":0,"comment_status":"closed","ping_status":"closed","template":"blank","meta":{"footnotes":""},"class_list":["post-42","page","type-page","status-publish","hentry"],"jetpack_sharing_enabled":true,"_links":{"self":[{"href":"https:\/\/itaiwan.se\/en\/wp-json\/wp\/v2\/pages\/42","targetHints":{"allow":["GET"]}}],"collection":[{"href":"https:\/\/itaiwan.se\/en\/wp-json\/wp\/v2\/pages"}],"about":[{"href":"https:\/\/itaiwan.se\/en\/wp-json\/wp\/v2\/types\/page"}],"author":[{"embeddable":true,"href":"https:\/\/itaiwan.se\/en\/wp-json\/wp\/v2\/users\/1"}],"replies":[{"embeddable":true,"href":"https:\/\/itaiwan.se\/en\/wp-json\/wp\/v2\/comments?post=42"}],"version-history":[{"count":1,"href":"https:\/\/itaiwan.se\/en\/wp-json\/wp\/v2\/pages\/42\/revisions"}],"predecessor-version":[{"id":43,"href":"https:\/\/itaiwan.se\/en\/wp-json\/wp\/v2\/pages\/42\/revisions\/43"}],"wp:attachment":[{"href":"https:\/\/itaiwan.se\/en\/wp-json\/wp\/v2\/media?parent=42"}],"curies":[{"name":"wp","href":"https:\/\/api.w.org\/{rel}","templated":true}]}}